{"id":85,"date":"2018-05-22T12:22:11","date_gmt":"2018-05-22T12:22:11","guid":{"rendered":"http:\/\/foeniks.dk\/?page_id=85"},"modified":"2018-07-04T11:35:17","modified_gmt":"2018-07-04T11:35:17","slug":"husrensning","status":"publish","type":"page","link":"https:\/\/www.foeniks.dk\/?page_id=85","title":{"rendered":"Husrensning"},"content":{"rendered":"<p>[et_pb_section fb_built=&#8221;1&#8243; fullwidth=&#8221;on&#8221; _builder_version=&#8221;3.0.47&#8243;][et_pb_fullwidth_slider _builder_version=&#8221;3.3.1&#8243;][et_pb_slide use_bg_overlay=&#8221;off&#8221; use_text_overlay=&#8221;off&#8221; _builder_version=&#8221;3.3.1&#8243; background_color=&#8221;#ffffff&#8221; background_image=&#8221;http:\/\/foeniks.dk\/wp-content\/uploads\/2018\/04\/U2A1954-1.jpg&#8221; button_on_hover=&#8221;on&#8221;][\/et_pb_slide][\/et_pb_fullwidth_slider][\/et_pb_section][et_pb_section fb_built=&#8221;1&#8243; _builder_version=&#8221;3.8&#8243; use_background_color_gradient=&#8221;on&#8221; background_color_gradient_start=&#8221;rgba(249,199,0,0.62)&#8221; background_color_gradient_end=&#8221;#f9c700&#8243; background_color_gradient_type=&#8221;radial&#8221; background_color_gradient_start_position=&#8221;15%&#8221; custom_padding=&#8221;0|0px|0|0px|false|false&#8221;][et_pb_row custom_padding=&#8221;11px|0px|0|0px|false|false&#8221; _builder_version=&#8221;3.8&#8243; background_size=&#8221;initial&#8221; background_position=&#8221;top_left&#8221; background_repeat=&#8221;repeat&#8221;][et_pb_column type=&#8221;4_4&#8243; _builder_version=&#8221;3.0.47&#8243; parallax=&#8221;off&#8221; parallax_method=&#8221;on&#8221;][et_pb_cta title=&#8221;Husrensning&#8221; _builder_version=&#8221;3.8&#8243; header_font=&#8221;||||||||&#8221; header_font_size=&#8221;36px&#8221; body_text_align=&#8221;center&#8221; body_font_size=&#8221;18px&#8221; body_line_height=&#8221;1em&#8221; background_color=&#8221;rgba(255,255,255,0)&#8221; background_layout=&#8221;light&#8221; custom_margin=&#8221;||-15px|&#8221;]<\/p>\n<p>\u00a0\u2013 Mit speciale<\/p>\n<p>[\/et_pb_cta][\/et_pb_column][\/et_pb_row][\/et_pb_section][et_pb_section fb_built=&#8221;1&#8243; _builder_version=&#8221;3.0.47&#8243; custom_padding=&#8221;0|0px|54px|0px|false|false&#8221;][et_pb_row _builder_version=&#8221;3.0.47&#8243; background_size=&#8221;initial&#8221; background_position=&#8221;top_left&#8221; background_repeat=&#8221;repeat&#8221;][et_pb_column type=&#8221;1_4&#8243; _builder_version=&#8221;3.0.47&#8243; parallax=&#8221;off&#8221; parallax_method=&#8221;on&#8221;][\/et_pb_column][et_pb_column type=&#8221;1_2&#8243; _builder_version=&#8221;3.0.47&#8243; parallax=&#8221;off&#8221; parallax_method=&#8221;on&#8221;][et_pb_text _builder_version=&#8221;3.3.1&#8243;]<\/p>\n<p style=\"text-align: justify;\">Der er rigtig mange former for \u201dbes\u00f8g\u201d<\/p>\n<p style=\"text-align: justify;\">Jeg har erfaring med langt de fleste, b\u00e5de n\u00e6re og k\u00e6rlige p\u00e5r\u00f8rende der \u201dpasser p\u00e5 os\u201d og de mere ubehagelige bes\u00f8g der \u201dnasser\u201d p\u00e5 vores energi og kan g\u00f8re vore hverdag ganske ubehagelig.<\/p>\n<p style=\"text-align: justify;\">Jeg fjerner det der skal fjernes og lader det k\u00e6rlige og meningsfulde v\u00e6re til f\u00e6lles gl\u00e6de.<\/p>\n<p style=\"text-align: justify;\">Jeg laver rensning over hele landet og k\u00f8rer gene til opgaver langt v\u00e6k hvis dette \u00f8nskes.<\/p>\n<p style=\"text-align: justify;\">En rigtig god ledetr\u00e5d er de husdyr vi omgiver os med. Dyr reagerer meget kraftigt p\u00e5 \u00e5ndelig tilstedev\u00e6relse. Ofte f\u00e5r de en underlig adf\u00e6rd, bliver mere beskyttende, g\u00f8r meget, undg\u00e5r helt steder i huset eller farer rundt og er forvirrede. Normalt stopper dette hurtigt n\u00e5r problemet er l\u00f8st.<\/p>\n<p style=\"text-align: justify;\">\u00a0Og s\u00e5 lige en anbefaling fra hjertet. Leg ALDRIG \u00e5nden i glasset. Det er muligt du kender nogen der har pr\u00f8vet og de synes det var sp\u00e6ndende. Du ved bare aldrig hvad du f\u00e5r inviteret til at v\u00e6re hos dig. Det kan v\u00e6re en venlig \u00e5nd men det kan s\u00e5 sandelig ogs\u00e5 v\u00e6re noget meget mere ubehageligt. Jeg har desv\u00e6rre set nogen rigtig triste sk\u00e6bner, der \u201dlige skulle pr\u00f8ve\u201d<\/p>\n<p style=\"text-align: justify;\">En rensning tager et sted mellem 45 min og 6 timer (det er det endnu l\u00e6ngste jeg har pr\u00f8vet). Jeg anbefaler at b\u00f8rn ikke deltager da der kan opst\u00e5 \u201dunderlige\u201d situationer.<\/p>\n<p>[\/et_pb_text][\/et_pb_column][et_pb_column type=&#8221;1_4&#8243; _builder_version=&#8221;3.0.47&#8243; parallax=&#8221;off&#8221; parallax_method=&#8221;on&#8221;][\/et_pb_column][\/et_pb_row][\/et_pb_section]<\/p>\n","protected":false},"excerpt":{"rendered":"<p>[et_pb_section fb_built=&#8221;1&#8243; fullwidth=&#8221;on&#8221; _builder_version=&#8221;3.0.47&#8243;][et_pb_fullwidth_slider _builder_version=&#8221;3.3.1&#8243;][et_pb_slide use_bg_overlay=&#8221;off&#8221; use_text_overlay=&#8221;off&#8221; _builder_version=&#8221;3.3.1&#8243; background_color=&#8221;#ffffff&#8221; background_image=&#8221;http:\/\/foeniks.dk\/wp-content\/uploads\/2018\/04\/U2A1954-1.jpg&#8221; button_on_hover=&#8221;on&#8221;][\/et_pb_slide][\/et_pb_fullwidth_slider][\/et_pb_section][et_pb_section fb_built=&#8221;1&#8243; _builder_version=&#8221;3.8&#8243; use_background_color_gradient=&#8221;on&#8221; background_color_gradient_start=&#8221;rgba(249,199,0,0.62)&#8221; background_color_gradient_end=&#8221;#f9c700&#8243; background_color_gradient_type=&#8221;radial&#8221; background_color_gradient_start_position=&#8221;15%&#8221; custom_padding=&#8221;0|0px|0|0px|false|false&#8221;][et_pb_row custom_padding=&#8221;11px|0px|0|0px|false|false&#8221; _builder_version=&#8221;3.8&#8243; background_size=&#8221;initial&#8221; background_position=&#8221;top_left&#8221; background_repeat=&#8221;repeat&#8221;][et_pb_column type=&#8221;4_4&#8243; _builder_version=&#8221;3.0.47&#8243; parallax=&#8221;off&#8221; parallax_method=&#8221;on&#8221;][et_pb_cta title=&#8221;Husrensning&#8221; _builder_version=&#8221;3.8&#8243; header_font=&#8221;||||||||&#8221; header_font_size=&#8221;36px&#8221; body_text_align=&#8221;center&#8221; body_font_size=&#8221;18px&#8221; body_line_height=&#8221;1em&#8221; background_color=&#8221;rgba(255,255,255,0)&#8221; background_layout=&#8221;light&#8221; custom_margin=&#8221;||-15px|&#8221;] \u00a0\u2013 Mit speciale [\/et_pb_cta][\/et_pb_column][\/et_pb_row][\/et_pb_section][et_pb_section fb_built=&#8221;1&#8243; _builder_version=&#8221;3.0.47&#8243; custom_padding=&#8221;0|0px|54px|0px|false|false&#8221;][et_pb_row _builder_version=&#8221;3.0.47&#8243; background_size=&#8221;initial&#8221; background_position=&#8221;top_left&#8221; background_repeat=&#8221;repeat&#8221;][et_pb_column type=&#8221;1_4&#8243; _builder_version=&#8221;3.0.47&#8243; parallax=&#8221;off&#8221; parallax_method=&#8221;on&#8221;][\/et_pb_column][et_pb_column type=&#8221;1_2&#8243; _builder_version=&#8221;3.0.47&#8243; [&hellip;]<\/p>\n","protected":false},"author":1,"featured_media":0,"parent":0,"menu_order":0,"comment_status":"closed","ping_status":"closed","template":"","meta":{"_et_pb_use_builder":"on","_et_pb_old_content":"","_et_gb_content_width":"","footnotes":""},"class_list":["post-85","page","type-page","status-publish","hentry"],"_links":{"self":[{"href":"https:\/\/www.foeniks.dk\/index.php?rest_route=\/wp\/v2\/pages\/85","targetHints":{"allow":["GET"]}}],"collection":[{"href":"https:\/\/www.foeniks.dk\/index.php?rest_route=\/wp\/v2\/pages"}],"about":[{"href":"https:\/\/www.foeniks.dk\/index.php?rest_route=\/wp\/v2\/types\/page"}],"author":[{"embeddable":true,"href":"https:\/\/www.foeniks.dk\/index.php?rest_route=\/wp\/v2\/users\/1"}],"replies":[{"embeddable":true,"href":"https:\/\/www.foeniks.dk\/index.php?rest_route=%2Fwp%2Fv2%2Fcomments&post=85"}],"version-history":[{"count":9,"href":"https:\/\/www.foeniks.dk\/index.php?rest_route=\/wp\/v2\/pages\/85\/revisions"}],"predecessor-version":[{"id":218,"href":"https:\/\/www.foeniks.dk\/index.php?rest_route=\/wp\/v2\/pages\/85\/revisions\/218"}],"wp:attachment":[{"href":"https:\/\/www.foeniks.dk\/index.php?rest_route=%2Fwp%2Fv2%2Fmedia&parent=85"}],"curies":[{"name":"wp","href":"https:\/\/api.w.org\/{rel}","templated":true}]}}