{"id":6,"date":"2018-04-12T20:17:59","date_gmt":"2018-04-12T20:17:59","guid":{"rendered":"http:\/\/foeniks.dk\/?page_id=6"},"modified":"2019-06-27T18:21:29","modified_gmt":"2019-06-27T18:21:29","slug":"forside","status":"publish","type":"page","link":"https:\/\/www.foeniks.dk\/","title":{"rendered":"Forside"},"content":{"rendered":"<p>[et_pb_section fb_built=&#8221;1&#8243; fullwidth=&#8221;on&#8221; _builder_version=&#8221;3.22.3&#8243;][et_pb_fullwidth_slider _builder_version=&#8221;3.17.2&#8243;][et_pb_slide _builder_version=&#8221;3.17.2&#8243; background_image=&#8221;http:\/\/foeniks.dk\/wp-content\/uploads\/2018\/04\/2017-11-15-16.04.58.jpg&#8221;][\/et_pb_slide][\/et_pb_fullwidth_slider][\/et_pb_section][et_pb_section fb_built=&#8221;1&#8243; _builder_version=&#8221;3.22.3&#8243; use_background_color_gradient=&#8221;on&#8221; background_color_gradient_start=&#8221;rgba(249,199,0,0.62)&#8221; background_color_gradient_end=&#8221;#f9c700&#8243; background_color_gradient_type=&#8221;radial&#8221; background_color_gradient_start_position=&#8221;15%&#8221; custom_padding=&#8221;0|0px|0|0px|false|false&#8221;][et_pb_row custom_padding=&#8221;11px|0px|0|0px|false|false&#8221; _builder_version=&#8221;3.25&#8243; background_size=&#8221;initial&#8221; background_position=&#8221;top_left&#8221; background_repeat=&#8221;repeat&#8221;][et_pb_column type=&#8221;4_4&#8243; _builder_version=&#8221;3.25&#8243; custom_padding=&#8221;|||&#8221; custom_padding__hover=&#8221;|||&#8221;][et_pb_cta title=&#8221;Velkommen til Clairvoyant Medie og Healer&#8221; _builder_version=&#8221;3.16&#8243; header_font=&#8221;||||||||&#8221; header_font_size=&#8221;36px&#8221; body_text_align=&#8221;center&#8221; body_font_size=&#8221;18px&#8221; body_line_height=&#8221;1em&#8221; background_color=&#8221;rgba(255,255,255,0)&#8221; background_layout=&#8221;light&#8221; custom_margin=&#8221;||-15px|&#8221; button_text_size__hover_enabled=&#8221;off&#8221; button_one_text_size__hover_enabled=&#8221;off&#8221; button_two_text_size__hover_enabled=&#8221;off&#8221; button_text_color__hover_enabled=&#8221;off&#8221; button_one_text_color__hover_enabled=&#8221;off&#8221; button_two_text_color__hover_enabled=&#8221;off&#8221; button_border_width__hover_enabled=&#8221;off&#8221; button_one_border_width__hover_enabled=&#8221;off&#8221; button_two_border_width__hover_enabled=&#8221;off&#8221; button_border_color__hover_enabled=&#8221;off&#8221; button_one_border_color__hover_enabled=&#8221;off&#8221; button_two_border_color__hover_enabled=&#8221;off&#8221; button_border_radius__hover_enabled=&#8221;off&#8221; button_one_border_radius__hover_enabled=&#8221;off&#8221; button_two_border_radius__hover_enabled=&#8221;off&#8221; button_letter_spacing__hover_enabled=&#8221;off&#8221; button_one_letter_spacing__hover_enabled=&#8221;off&#8221; button_two_letter_spacing__hover_enabled=&#8221;off&#8221; button_bg_color__hover_enabled=&#8221;off&#8221; button_one_bg_color__hover_enabled=&#8221;off&#8221; button_two_bg_color__hover_enabled=&#8221;off&#8221;]Flemming Sandorff<br \/>\n[\/et_pb_cta][\/et_pb_column][\/et_pb_row][\/et_pb_section][et_pb_section fb_built=&#8221;1&#8243; _builder_version=&#8221;3.22.3&#8243;][et_pb_row _builder_version=&#8221;3.25&#8243; column_structure=&#8221;1_5,3_5,1_5&#8243;][et_pb_column type=&#8221;1_5&#8243; _builder_version=&#8221;3.25&#8243; custom_padding=&#8221;|||&#8221; custom_padding__hover=&#8221;|||&#8221;][\/et_pb_column][et_pb_column type=&#8221;3_5&#8243; _builder_version=&#8221;3.25&#8243; custom_padding=&#8221;|||&#8221; custom_padding__hover=&#8221;|||&#8221;][et_pb_text _builder_version=&#8221;3.25.3&#8243;][\/et_pb_text][\/et_pb_column][et_pb_column type=&#8221;1_5&#8243; _builder_version=&#8221;3.25&#8243; custom_padding=&#8221;|||&#8221; custom_padding__hover=&#8221;|||&#8221;][\/et_pb_column][\/et_pb_row][\/et_pb_section][et_pb_section fb_built=&#8221;1&#8243; _builder_version=&#8221;3.22.3&#8243; background_size=&#8221;contain&#8221; background_position=&#8221;top_right&#8221; custom_margin=&#8221;20px||20px|&#8221; custom_padding=&#8221;0px|0px|54px|0px|false|false&#8221;][et_pb_row _builder_version=&#8221;3.25&#8243; background_size=&#8221;initial&#8221; background_position=&#8221;top_left&#8221; background_repeat=&#8221;repeat&#8221; column_structure=&#8221;1_4,1_4,1_4,1_4&#8243;][et_pb_column type=&#8221;1_4&#8243; _builder_version=&#8221;3.25&#8243; custom_padding=&#8221;|||&#8221; custom_padding__hover=&#8221;|||&#8221;][et_pb_blurb title=&#8221;Husrensning \u2013 Mit speciale&#8221; image=&#8221;http:\/\/foeniks.dk\/wp-content\/uploads\/2018\/04\/MG_2434-1.jpg&#8221; admin_label=&#8221;Husrensning&#8221; _builder_version=&#8221;3.8&#8243;]<\/p>\n<p style=\"text-align: justify;\">Der er rigtig mange former for \u201dbes\u00f8g\u201d.\u00a0<span style=\"font-size: 14px;\">Jeg har erfaring med langt de fleste, b\u00e5de n\u00e6re og k\u00e6rlige p\u00e5r\u00f8rende der \u201dpasser p\u00e5 os\u201d og de mere ubehagelige bes\u00f8g der \u201dnasser\u201d p\u00e5 vores energi og kan g\u00f8re vore hverdag ganske ubehagelig.<\/span><\/p>\n<p style=\"text-align: right;\"><a href=\"http:\/\/foeniks.dk\/index.php\/husrensning\/\"><span style=\"font-size: 14px;\">L\u00e6s mere her<\/span><\/a><\/p>\n<p>[\/et_pb_blurb][\/et_pb_column][et_pb_column type=&#8221;1_4&#8243; _builder_version=&#8221;3.25&#8243; custom_padding=&#8221;|||&#8221; custom_padding__hover=&#8221;|||&#8221;][et_pb_blurb title=&#8221;Healing&#8221; image=&#8221;http:\/\/foeniks.dk\/wp-content\/uploads\/2019\/01\/IMG_20181208_133531_722-1.jpg&#8221; admin_label=&#8221;Healing&#8221; _builder_version=&#8221;3.19.8&#8243;]<\/p>\n<p style=\"text-align: justify;\">N\u00e5r du heales af mig er det for det meste Reiki Healing du modtager.<br \/>\nJeg blander dog en gang i mellem lidt andre energier ind i Healingen, alt efter hvad jeg kan se du tr\u00e6nger til. Mange falder i s\u00f8vn under healingen, det g\u00f8r ikke noget.<\/p>\n<p style=\"text-align: right;\"><a href=\"http:\/\/foeniks.dk\/index.php\/healing\/\"><span style=\"font-size: 14px;\">L\u00e6s mere her<\/span><\/a><\/p>\n<p>[\/et_pb_blurb][\/et_pb_column][et_pb_column type=&#8221;1_4&#8243; _builder_version=&#8221;3.25&#8243; custom_padding=&#8221;|||&#8221; custom_padding__hover=&#8221;|||&#8221;][et_pb_blurb title=&#8221;Clairvoyance&#8221; image=&#8221;http:\/\/foeniks.dk\/wp-content\/uploads\/2018\/04\/kugle.jpg&#8221; admin_label=&#8221;Clairvoyance&#8221; _builder_version=&#8221;3.8&#8243;]<\/p>\n<p style=\"text-align: justify;\">En l\u00e6sning tager et sted mellem 40 og 60 min.<br \/>\nDu kan sp\u00f8rge om alt, bare du husker at det ikke er \u201dmig\u201d der giver svaret og at det ikke er alt der bliver givet svar p\u00e5.<\/p>\n<p style=\"text-align: right;\"><a href=\"http:\/\/foeniks.dk\/index.php\/clairvoyance\/\"><span style=\"font-size: 14px;\">L\u00e6s mere her<\/span><\/a><\/p>\n<p>[\/et_pb_blurb][\/et_pb_column][et_pb_column type=&#8221;1_4&#8243; _builder_version=&#8221;3.25&#8243; custom_padding=&#8221;|||&#8221; custom_padding__hover=&#8221;|||&#8221;][et_pb_blurb title=&#8221;Massage&#8221; image=&#8221;http:\/\/foeniks.dk\/wp-content\/uploads\/2018\/04\/j.jpg&#8221; admin_label=&#8221;Massage&#8221; _builder_version=&#8221;3.8&#8243;]<\/p>\n<p style=\"text-align: justify;\">Jeg giver en behagelig og afslappende wellness massage til dig, der bare vil fork\u00e6les og have en total afslappelses oplevelse.<\/p>\n<p style=\"text-align: justify;\">Du kan og s\u00e5 f\u00e5 en noget dybere massage\/akupressur.<br \/>\nHer bliver musklerne virkelig bliver arbejdet i gennem. Dette er ikke wellness massage og det kan g\u00f8re ondt, men det virker.<\/p>\n<p style=\"text-align: right;\"><a href=\"http:\/\/foeniks.dk\/index.php\/massage\/\"><span style=\"font-size: 14px;\">L\u00e6s mere her<\/span><\/a><\/p>\n<p>[\/et_pb_blurb][\/et_pb_column][\/et_pb_row][\/et_pb_section]<\/p>\n","protected":false},"excerpt":{"rendered":"<p>[et_pb_section fb_built=&#8221;1&#8243; fullwidth=&#8221;on&#8221; _builder_version=&#8221;3.22.3&#8243;][et_pb_fullwidth_slider _builder_version=&#8221;3.17.2&#8243;][et_pb_slide _builder_version=&#8221;3.17.2&#8243; background_image=&#8221;http:\/\/foeniks.dk\/wp-content\/uploads\/2018\/04\/2017-11-15-16.04.58.jpg&#8221;][\/et_pb_slide][\/et_pb_fullwidth_slider][\/et_pb_section][et_pb_section fb_built=&#8221;1&#8243; _builder_version=&#8221;3.22.3&#8243; use_background_color_gradient=&#8221;on&#8221; background_color_gradient_start=&#8221;rgba(249,199,0,0.62)&#8221; background_color_gradient_end=&#8221;#f9c700&#8243; background_color_gradient_type=&#8221;radial&#8221; background_color_gradient_start_position=&#8221;15%&#8221; custom_padding=&#8221;0|0px|0|0px|false|false&#8221;][et_pb_row custom_padding=&#8221;11px|0px|0|0px|false|false&#8221; _builder_version=&#8221;3.25&#8243; background_size=&#8221;initial&#8221; background_position=&#8221;top_left&#8221; background_repeat=&#8221;repeat&#8221;][et_pb_column type=&#8221;4_4&#8243; _builder_version=&#8221;3.25&#8243; custom_padding=&#8221;|||&#8221; custom_padding__hover=&#8221;|||&#8221;][et_pb_cta title=&#8221;Velkommen til Clairvoyant Medie og Healer&#8221; _builder_version=&#8221;3.16&#8243; header_font=&#8221;||||||||&#8221; header_font_size=&#8221;36px&#8221; body_text_align=&#8221;center&#8221; body_font_size=&#8221;18px&#8221; body_line_height=&#8221;1em&#8221; background_color=&#8221;rgba(255,255,255,0)&#8221; background_layout=&#8221;light&#8221; custom_margin=&#8221;||-15px|&#8221; button_text_size__hover_enabled=&#8221;off&#8221; button_one_text_size__hover_enabled=&#8221;off&#8221; button_two_text_size__hover_enabled=&#8221;off&#8221; button_text_color__hover_enabled=&#8221;off&#8221; button_one_text_color__hover_enabled=&#8221;off&#8221; button_two_text_color__hover_enabled=&#8221;off&#8221; button_border_width__hover_enabled=&#8221;off&#8221; button_one_border_width__hover_enabled=&#8221;off&#8221; button_two_border_width__hover_enabled=&#8221;off&#8221; button_border_color__hover_enabled=&#8221;off&#8221; button_one_border_color__hover_enabled=&#8221;off&#8221; button_two_border_color__hover_enabled=&#8221;off&#8221; button_border_radius__hover_enabled=&#8221;off&#8221; button_one_border_radius__hover_enabled=&#8221;off&#8221; button_two_border_radius__hover_enabled=&#8221;off&#8221; button_letter_spacing__hover_enabled=&#8221;off&#8221; [&hellip;]<\/p>\n","protected":false},"author":1,"featured_media":0,"parent":0,"menu_order":0,"comment_status":"closed","ping_status":"closed","template":"","meta":{"_et_pb_use_builder":"on","_et_pb_old_content":"","_et_gb_content_width":"","footnotes":""},"class_list":["post-6","page","type-page","status-publish","hentry"],"_links":{"self":[{"href":"https:\/\/www.foeniks.dk\/index.php?rest_route=\/wp\/v2\/pages\/6","targetHints":{"allow":["GET"]}}],"collection":[{"href":"https:\/\/www.foeniks.dk\/index.php?rest_route=\/wp\/v2\/pages"}],"about":[{"href":"https:\/\/www.foeniks.dk\/index.php?rest_route=\/wp\/v2\/types\/page"}],"author":[{"embeddable":true,"href":"https:\/\/www.foeniks.dk\/index.php?rest_route=\/wp\/v2\/users\/1"}],"replies":[{"embeddable":true,"href":"https:\/\/www.foeniks.dk\/index.php?rest_route=%2Fwp%2Fv2%2Fcomments&post=6"}],"version-history":[{"count":59,"href":"https:\/\/www.foeniks.dk\/index.php?rest_route=\/wp\/v2\/pages\/6\/revisions"}],"predecessor-version":[{"id":410,"href":"https:\/\/www.foeniks.dk\/index.php?rest_route=\/wp\/v2\/pages\/6\/revisions\/410"}],"wp:attachment":[{"href":"https:\/\/www.foeniks.dk\/index.php?rest_route=%2Fwp%2Fv2%2Fmedia&parent=6"}],"curies":[{"name":"wp","href":"https:\/\/api.w.org\/{rel}","templated":true}]}}