{"id":105,"date":"2018-05-22T13:41:23","date_gmt":"2018-05-22T13:41:23","guid":{"rendered":"http:\/\/foeniks.dk\/?page_id=105"},"modified":"2018-07-04T11:28:50","modified_gmt":"2018-07-04T11:28:50","slug":"clairvoyance","status":"publish","type":"page","link":"https:\/\/www.foeniks.dk\/?page_id=105","title":{"rendered":"Clairvoyance"},"content":{"rendered":"<p>[et_pb_section bb_built=&#8221;1&#8243; fullwidth=&#8221;on&#8221; _builder_version=&#8221;3.0.47&#8243; next_background_color=&#8221;#000000&#8243;][et_pb_fullwidth_slider _builder_version=&#8221;3.3.1&#8243;][et_pb_slide use_bg_overlay=&#8221;off&#8221; use_text_overlay=&#8221;off&#8221; _builder_version=&#8221;3.3.1&#8243; background_color=&#8221;#ffffff&#8221; background_image=&#8221;http:\/\/foeniks.dk\/wp-content\/uploads\/2018\/05\/MG_1704-1_lang.jpg&#8221; button_on_hover=&#8221;on&#8221;][\/et_pb_slide][\/et_pb_fullwidth_slider][\/et_pb_section][et_pb_section bb_built=&#8221;1&#8243; _builder_version=&#8221;3.8&#8243; use_background_color_gradient=&#8221;on&#8221; background_color_gradient_start=&#8221;rgba(249,199,0,0.62)&#8221; background_color_gradient_end=&#8221;#f9c700&#8243; custom_padding=&#8221;0|0px|0|0px|false|false&#8221; background_color_gradient_type=&#8221;radial&#8221; background_color_gradient_start_position=&#8221;15%&#8221; prev_background_color=&#8221;#ffffff&#8221; next_background_color=&#8221;#ffffff&#8221;][et_pb_row custom_padding=&#8221;11px|0px|0|0px|false|false&#8221; _builder_version=&#8221;3.8&#8243; background_size=&#8221;initial&#8221; background_position=&#8221;top_left&#8221; background_repeat=&#8221;repeat&#8221;][et_pb_column type=&#8221;4_4&#8243;][et_pb_cta title=&#8221;Clairvoyance&#8221; _builder_version=&#8221;3.8&#8243; header_font_size=&#8221;36px&#8221; body_text_align=&#8221;center&#8221; body_font_size=&#8221;18px&#8221; body_line_height=&#8221;1em&#8221; background_color=&#8221;rgba(255,255,255,0)&#8221; background_layout=&#8221;light&#8221; header_font=&#8221;||||||||&#8221; custom_margin=&#8221;||-15px|&#8221;]<br \/>\n[\/et_pb_cta][\/et_pb_column][\/et_pb_row][\/et_pb_section][et_pb_section bb_built=&#8221;1&#8243; _builder_version=&#8221;3.8&#8243; custom_padding=&#8221;0px|||&#8221; prev_background_color=&#8221;#000000&#8243;][et_pb_row _builder_version=&#8221;3.0.47&#8243; background_size=&#8221;initial&#8221; background_position=&#8221;top_left&#8221; background_repeat=&#8221;repeat&#8221;][et_pb_column type=&#8221;1_4&#8243;][\/et_pb_column][et_pb_column type=&#8221;1_2&#8243;][et_pb_text _builder_version=&#8221;3.3.1&#8243;]<\/p>\n<p>En l\u00e6sning tager et sted mellem 40 og 60 min. Du kan sp\u00f8rge om alt, bare du husker at det ikke er \u201dmig\u201d der giver svaret og at det ikke er alt der bliver givet svar p\u00e5. Jeg f\u00e5r oftest svare i et billede, som jeg s\u00e5 skal overs\u00e6tte s\u00e5 det bliver forst\u00e5eligt. Nogle gange m\u00e5 jeg give op og bare forklare billedet, hvilket oftest resultere i at den der l\u00e6ses kan genkende og forst\u00e5r meningen.<\/p>\n<p>Jeg vil ikke stille ind p\u00e5 sygdom og d\u00f8d, medmindre der er en anvisning til at undg\u00e5 dette med i beskeden.<\/p>\n<p>Jeg stiller ikke ind p\u00e5 tredje person, undtaget sm\u00e5 b\u00f8rn eller personer det har givet deres samtykke.<\/p>\n<p>Afd\u00f8de kontakt er ikke noget jeg kan tvinge igennem. Dem der har en besked til dig kommer igennem. Det er dog ofte muligt at f\u00e5 kontakt med dem man \u00f8nsker da de p\u00e5 den anden side er meget lydh\u00f8re for vores \u00f8nsker.<\/p>\n<p>Meget ofte f\u00e5r du glimt af v\u00e6sentlige begivenheder fra tidligere liv og vil kunne handle ud fra de oplysninger der kommer. Jeg hj\u00e6lper dig med at finde den rette m\u00e5de at h\u00e5ndtere oplysningerne p\u00e5.<\/p>\n<p>[\/et_pb_text][\/et_pb_column][et_pb_column type=&#8221;1_4&#8243;][\/et_pb_column][\/et_pb_row][\/et_pb_section]<\/p>\n","protected":false},"excerpt":{"rendered":"<p>[et_pb_section bb_built=&#8221;1&#8243; fullwidth=&#8221;on&#8221; _builder_version=&#8221;3.0.47&#8243; next_background_color=&#8221;#000000&#8243;][et_pb_fullwidth_slider _builder_version=&#8221;3.3.1&#8243;][et_pb_slide use_bg_overlay=&#8221;off&#8221; use_text_overlay=&#8221;off&#8221; _builder_version=&#8221;3.3.1&#8243; background_color=&#8221;#ffffff&#8221; background_image=&#8221;http:\/\/foeniks.dk\/wp-content\/uploads\/2018\/05\/MG_1704-1_lang.jpg&#8221; button_on_hover=&#8221;on&#8221;][\/et_pb_slide][\/et_pb_fullwidth_slider][\/et_pb_section][et_pb_section bb_built=&#8221;1&#8243; _builder_version=&#8221;3.8&#8243; use_background_color_gradient=&#8221;on&#8221; background_color_gradient_start=&#8221;rgba(249,199,0,0.62)&#8221; background_color_gradient_end=&#8221;#f9c700&#8243; custom_padding=&#8221;0|0px|0|0px|false|false&#8221; background_color_gradient_type=&#8221;radial&#8221; background_color_gradient_start_position=&#8221;15%&#8221; prev_background_color=&#8221;#ffffff&#8221; next_background_color=&#8221;#ffffff&#8221;][et_pb_row custom_padding=&#8221;11px|0px|0|0px|false|false&#8221; _builder_version=&#8221;3.8&#8243; background_size=&#8221;initial&#8221; background_position=&#8221;top_left&#8221; background_repeat=&#8221;repeat&#8221;][et_pb_column type=&#8221;4_4&#8243;][et_pb_cta title=&#8221;Clairvoyance&#8221; _builder_version=&#8221;3.8&#8243; header_font_size=&#8221;36px&#8221; body_text_align=&#8221;center&#8221; body_font_size=&#8221;18px&#8221; body_line_height=&#8221;1em&#8221; background_color=&#8221;rgba(255,255,255,0)&#8221; background_layout=&#8221;light&#8221; header_font=&#8221;||||||||&#8221; custom_margin=&#8221;||-15px|&#8221;] [\/et_pb_cta][\/et_pb_column][\/et_pb_row][\/et_pb_section][et_pb_section bb_built=&#8221;1&#8243; _builder_version=&#8221;3.8&#8243; custom_padding=&#8221;0px|||&#8221; prev_background_color=&#8221;#000000&#8243;][et_pb_row _builder_version=&#8221;3.0.47&#8243; background_size=&#8221;initial&#8221; background_position=&#8221;top_left&#8221; background_repeat=&#8221;repeat&#8221;][et_pb_column type=&#8221;1_4&#8243;][\/et_pb_column][et_pb_column type=&#8221;1_2&#8243;][et_pb_text _builder_version=&#8221;3.3.1&#8243;] En l\u00e6sning tager et sted [&hellip;]<\/p>\n","protected":false},"author":1,"featured_media":0,"parent":0,"menu_order":0,"comment_status":"closed","ping_status":"closed","template":"","meta":{"_et_pb_use_builder":"on","_et_pb_old_content":"","_et_gb_content_width":"","footnotes":""},"class_list":["post-105","page","type-page","status-publish","hentry"],"_links":{"self":[{"href":"https:\/\/www.foeniks.dk\/index.php?rest_route=\/wp\/v2\/pages\/105","targetHints":{"allow":["GET"]}}],"collection":[{"href":"https:\/\/www.foeniks.dk\/index.php?rest_route=\/wp\/v2\/pages"}],"about":[{"href":"https:\/\/www.foeniks.dk\/index.php?rest_route=\/wp\/v2\/types\/page"}],"author":[{"embeddable":true,"href":"https:\/\/www.foeniks.dk\/index.php?rest_route=\/wp\/v2\/users\/1"}],"replies":[{"embeddable":true,"href":"https:\/\/www.foeniks.dk\/index.php?rest_route=%2Fwp%2Fv2%2Fcomments&post=105"}],"version-history":[{"count":10,"href":"https:\/\/www.foeniks.dk\/index.php?rest_route=\/wp\/v2\/pages\/105\/revisions"}],"predecessor-version":[{"id":202,"href":"https:\/\/www.foeniks.dk\/index.php?rest_route=\/wp\/v2\/pages\/105\/revisions\/202"}],"wp:attachment":[{"href":"https:\/\/www.foeniks.dk\/index.php?rest_route=%2Fwp%2Fv2%2Fmedia&parent=105"}],"curies":[{"name":"wp","href":"https:\/\/api.w.org\/{rel}","templated":true}]}}